{"id":2,"date":"2012-11-28T15:59:09","date_gmt":"2012-11-28T15:59:09","guid":{"rendered":"http:\/\/www.rehabilix-centrum.pl\/www\/?page_id=2"},"modified":"2023-03-04T22:19:11","modified_gmt":"2023-03-04T21:19:11","slug":"przykladowa-strona","status":"publish","type":"page","link":"http:\/\/www.rehabilix-centrum.pl\/","title":{"rendered":"Rehabilix Centrum"},"content":{"rendered":"<p>Szanowni&nbsp; Pa\u0144stwo,<\/p>\n<div>Je\u017celi cenicie sobie w\u0142asne&nbsp;<strong>zdrowie oraz zdrowie Waszych dzieci<\/strong>&nbsp; i wysok\u0105 jako\u015b\u0107&nbsp;<strong>us\u0142ug medycznych<\/strong>&nbsp;oraz indywidualne podej\u015bcie personelu medycznego do Pacjenta &#8211; zapraszam do wsp\u00f3\u0142pracy !<\/div>\n<p><em><br \/>\nmgr Tomasz Kowalik \u2013 w\u0142a\u015bciciel Rehabilix Centrum<\/em><\/p>\n<p><a href=\"http:\/\/www.rehabilix-centrum.pl\/www\/wp-content\/uploads\/2023\/02\/zdjecie-na-ulotke.jpg\"><img loading=\"lazy\" decoding=\"async\" class=\"aligncenter size-medium wp-image-656\" src=\"http:\/\/www.rehabilix-centrum.pl\/www\/wp-content\/uploads\/2023\/02\/zdjecie-na-ulotke-238x300.jpg\" alt=\"\" width=\"238\" height=\"300\" srcset=\"http:\/\/www.rehabilix-centrum.pl\/www\/wp-content\/uploads\/2023\/02\/zdjecie-na-ulotke-238x300.jpg 238w, http:\/\/www.rehabilix-centrum.pl\/www\/wp-content\/uploads\/2023\/02\/zdjecie-na-ulotke-811x1024.jpg 811w, http:\/\/www.rehabilix-centrum.pl\/www\/wp-content\/uploads\/2023\/02\/zdjecie-na-ulotke-768x970.jpg 768w, http:\/\/www.rehabilix-centrum.pl\/www\/wp-content\/uploads\/2023\/02\/zdjecie-na-ulotke-946x1195.jpg 946w, http:\/\/www.rehabilix-centrum.pl\/www\/wp-content\/uploads\/2023\/02\/zdjecie-na-ulotke.jpg 1217w\" sizes=\"auto, (max-width: 238px) 100vw, 238px\" \/><\/a><\/p>\n","protected":false},"excerpt":{"rendered":"<p>Szanowni&nbsp; Pa\u0144stwo, Je\u017celi cenicie sobie w\u0142asne&nbsp;zdrowie oraz zdrowie Waszych dzieci&nbsp; i wysok\u0105 jako\u015b\u0107&nbsp;us\u0142ug medycznych&nbsp;oraz indywidualne podej\u015bcie personelu medycznego do Pacjenta &#8211; zapraszam do wsp\u00f3\u0142pracy ! mgr Tomasz Kowalik \u2013 w\u0142a\u015bciciel Rehabilix Centrum<\/p>\n","protected":false},"author":1,"featured_media":0,"parent":0,"menu_order":1,"comment_status":"open","ping_status":"open","template":"","meta":{"footnotes":""},"class_list":["post-2","page","type-page","status-publish","hentry"],"_links":{"self":[{"href":"http:\/\/www.rehabilix-centrum.pl\/index.php?rest_route=\/wp\/v2\/pages\/2","targetHints":{"allow":["GET"]}}],"collection":[{"href":"http:\/\/www.rehabilix-centrum.pl\/index.php?rest_route=\/wp\/v2\/pages"}],"about":[{"href":"http:\/\/www.rehabilix-centrum.pl\/index.php?rest_route=\/wp\/v2\/types\/page"}],"author":[{"embeddable":true,"href":"http:\/\/www.rehabilix-centrum.pl\/index.php?rest_route=\/wp\/v2\/users\/1"}],"replies":[{"embeddable":true,"href":"http:\/\/www.rehabilix-centrum.pl\/index.php?rest_route=%2Fwp%2Fv2%2Fcomments&post=2"}],"version-history":[{"count":27,"href":"http:\/\/www.rehabilix-centrum.pl\/index.php?rest_route=\/wp\/v2\/pages\/2\/revisions"}],"predecessor-version":[{"id":827,"href":"http:\/\/www.rehabilix-centrum.pl\/index.php?rest_route=\/wp\/v2\/pages\/2\/revisions\/827"}],"wp:attachment":[{"href":"http:\/\/www.rehabilix-centrum.pl\/index.php?rest_route=%2Fwp%2Fv2%2Fmedia&parent=2"}],"curies":[{"name":"wp","href":"https:\/\/api.w.org\/{rel}","templated":true}]}}