{"id":224,"date":"2013-09-12T16:32:24","date_gmt":"2013-09-12T14:32:24","guid":{"rendered":"http:\/\/www.rehabilix-centrum.pl\/?page_id=224"},"modified":"2023-02-26T11:42:47","modified_gmt":"2023-02-26T10:42:47","slug":"rekomendacje-2","status":"publish","type":"page","link":"http:\/\/www.rehabilix-centrum.pl\/?page_id=224","title":{"rendered":"Rekomendacje"},"content":{"rendered":"<p>Zdaj\u0105c sobie spraw\u0119 z faktu, \u017ce na rynku dzia\u0142a wiele firm posiadaj\u0105cych w swojej ofercie szerok\u0105 gam\u0119 bada\u0144 profilaktycznych, z przykro\u015bci\u0105 zauwa\u017camy, odbieraj\u0105c r\u00f3wnie\u017c sygna\u0142y od Dyrektor\u00f3w szk\u00f3\u0142 i przedszkoli, \u017ce nie wszystkie godne s\u0105 zaufania oraz wiarygodno\u015b\u0107 bada\u0144 jest bardzo s\u0142aba.<\/p>\n<p>Chcieliby\u015bmy zapewni\u0107 Pa\u0144stwa, \u017ce nasza firma dzia\u0142aj\u0105c na rynku od kilku lat zapracowa\u0142a sobie na zaufanie kierownictwa wielu plac\u00f3wek o\u015bwiatowych, Rodzic\u00f3w i ma\u0142ych Pacjent\u00f3w. Zaufa\u0142y nam nie tylko plac\u00f3wki o\u015bwiatowe, ale r\u00f3wnie\u017c samorz\u0105dy lokalne (np. Miasto Konin wsp\u00f3\u0142organizatora cyklicznej akcji <strong>\u201eZdrowie to podstawa\u201d<\/strong>), Miasto Czelad\u017a gdzie cyklicznie bierzemy udzia\u0142 w akcjach badania wad postawy i st\u00f3p w szko\u0142ach podstawowych oraz w akcjach profilaktyki zdrowia czy organizacje pozarz\u0105dowe (Stowarzyszenie na Rzecz Dzieci i M\u0142odzie\u017cy T\u0119cza z siedzib\u0105 w Radlinie), z kt\u00f3rymi na sta\u0142e wsp\u00f3\u0142pracujemy, bior\u0105c udzia\u0142 w akcjach wsp\u00f3\u0142finansowanych przez te podmioty.<\/p>\n","protected":false},"excerpt":{"rendered":"<p>Zdaj\u0105c sobie spraw\u0119 z faktu, \u017ce na rynku dzia\u0142a wiele firm posiadaj\u0105cych w swojej ofercie szerok\u0105 gam\u0119 bada\u0144 profilaktycznych, z przykro\u015bci\u0105 zauwa\u017camy, odbieraj\u0105c r\u00f3wnie\u017c sygna\u0142y od Dyrektor\u00f3w szk\u00f3\u0142 i przedszkoli, \u017ce nie wszystkie godne s\u0105 zaufania oraz wiarygodno\u015b\u0107 bada\u0144 jest bardzo s\u0142aba. Chcieliby\u015bmy zapewni\u0107 Pa\u0144stwa, \u017ce nasza firma dzia\u0142aj\u0105c na rynku od kilku lat zapracowa\u0142a &hellip; <\/p>\n<p class=\"link-more\"><a href=\"http:\/\/www.rehabilix-centrum.pl\/?page_id=224\" class=\"more-link\">Czytaj dalej<span class=\"screen-reader-text\"> \u201eRekomendacje\u201d<\/span><\/a><\/p>\n","protected":false},"author":1,"featured_media":0,"parent":0,"menu_order":0,"comment_status":"open","ping_status":"open","template":"","meta":{"footnotes":""},"class_list":["post-224","page","type-page","status-publish","hentry"],"_links":{"self":[{"href":"http:\/\/www.rehabilix-centrum.pl\/index.php?rest_route=\/wp\/v2\/pages\/224","targetHints":{"allow":["GET"]}}],"collection":[{"href":"http:\/\/www.rehabilix-centrum.pl\/index.php?rest_route=\/wp\/v2\/pages"}],"about":[{"href":"http:\/\/www.rehabilix-centrum.pl\/index.php?rest_route=\/wp\/v2\/types\/page"}],"author":[{"embeddable":true,"href":"http:\/\/www.rehabilix-centrum.pl\/index.php?rest_route=\/wp\/v2\/users\/1"}],"replies":[{"embeddable":true,"href":"http:\/\/www.rehabilix-centrum.pl\/index.php?rest_route=%2Fwp%2Fv2%2Fcomments&post=224"}],"version-history":[{"count":11,"href":"http:\/\/www.rehabilix-centrum.pl\/index.php?rest_route=\/wp\/v2\/pages\/224\/revisions"}],"predecessor-version":[{"id":723,"href":"http:\/\/www.rehabilix-centrum.pl\/index.php?rest_route=\/wp\/v2\/pages\/224\/revisions\/723"}],"wp:attachment":[{"href":"http:\/\/www.rehabilix-centrum.pl\/index.php?rest_route=%2Fwp%2Fv2%2Fmedia&parent=224"}],"curies":[{"name":"wp","href":"https:\/\/api.w.org\/{rel}","templated":true}]}}