{"id":231,"date":"2013-09-12T16:36:16","date_gmt":"2013-09-12T14:36:16","guid":{"rendered":"http:\/\/www.rehabilix-centrum.pl\/?page_id=231"},"modified":"2023-02-26T12:52:10","modified_gmt":"2023-02-26T11:52:10","slug":"referencje","status":"publish","type":"page","link":"http:\/\/www.rehabilix-centrum.pl\/?page_id=231","title":{"rendered":"Referencje"},"content":{"rendered":"<p style=\"text-align: justify;\"><span style=\"font-size: large;\">Doceniamy, \u017ce Kierownictwo Plac\u00f3wek zadowolone z naszej pracy przesy\u0142a nam listy referencyjne. Przyk\u0142adowe prezentujemy poni\u017cej, wszystkie pozosta\u0142e\u00a0okazujemy na \u017c\u0105danie.\u00a0Zawsze staramy si\u0119 by nasze badania (wyniki) mia\u0142y charakter jak najbardziej diagnostyczny. <\/span><\/p>\n<p style=\"text-align: justify;\"><span style=\"font-size: large;\">Mamy \u015bwiadomo\u015b\u0107, \u017ce na rynku\u00a0funkcjonuj\u0105 firmy, kt\u00f3re wykonuj\u0105 takie badania, kt\u00f3rych wynik i tak\u00a0p\u00f3\u017aniej winien by\u0107 weryfikowany przez lekarzy. My staramy si\u0119 zawsze w wyniku wad ortopedycznych dawa\u0107 zestawy \u0107wicze\u0144 do autokorekcji\u00a0(cz\u0119sto mo\u017cna samemu korygowa\u0107 zmiany u Dzieci), czy pisa\u0107 zalecenia\u00a0 (do gimnastyki korekcyjnej, je\u015bli jest dost\u0119pna w danej Plac\u00f3wce\u00a0lub do\u00a0dalszego post\u0119powania leczniczego). Zach\u0119camy do zapoznania si\u0119 z poni\u017cszymi listami referencyjnymi oraz zapraszamy do zak\u0142adki &#8222;Polecaj\u0105 Nas&#8221;, gdzie znajdziecie Pa\u0144stwo Plac\u00f3wki, z kt\u00f3rymi wsp\u00f3\u0142pracujemy.<\/span><\/p>\n<p><img decoding=\"async\" src=\"http:\/\/www.rehabilix-centrum.pl\/www\/wp-content\/uploads\/2023\/02\/PODZIEKOWANIA-CZELADZ_000014-718x1024.jpg\" alt=\"Obrazek posiada pusty atrybut alt; plik o nazwie PODZIEKOWANIA-CZELADZ_000014-718x1024.jpg\" \/><\/p>\n<p style=\"text-align: justify;\"><a href=\"http:\/\/www.rehabilix-centrum.pl\/www\/wp-content\/uploads\/2013\/09\/referencje_kleczew-e1379400419211.jpg\"><img loading=\"lazy\" decoding=\"async\" class=\"aligncenter  wp-image-218\" title=\"referencje Kleczew\" src=\"http:\/\/www.rehabilix-centrum.pl\/www\/wp-content\/uploads\/2013\/09\/referencje_kleczew-e1379400419211-868x1024.jpg\" alt=\"\" width=\"868\" height=\"1024\" srcset=\"http:\/\/www.rehabilix-centrum.pl\/www\/wp-content\/uploads\/2013\/09\/referencje_kleczew-e1379400419211-868x1024.jpg 868w, http:\/\/www.rehabilix-centrum.pl\/www\/wp-content\/uploads\/2013\/09\/referencje_kleczew-e1379400419211-254x300.jpg 254w\" sizes=\"auto, (max-width: 767px) 89vw, (max-width: 1000px) 54vw, (max-width: 1071px) 543px, 580px\" \/><\/a><a href=\"http:\/\/www.rehabilix-centrum.pl\/www\/wp-content\/uploads\/2013\/09\/REFERENCJE-STAWISKI.jpg\"><img loading=\"lazy\" decoding=\"async\" class=\"aligncenter size-large wp-image-477\" title=\"REFERENCJE STAWISKI\" src=\"http:\/\/www.rehabilix-centrum.pl\/www\/wp-content\/uploads\/2013\/09\/REFERENCJE-STAWISKI-744x1024.jpg\" alt=\"\" width=\"744\" height=\"1024\" srcset=\"http:\/\/www.rehabilix-centrum.pl\/www\/wp-content\/uploads\/2013\/09\/REFERENCJE-STAWISKI-744x1024.jpg 744w, http:\/\/www.rehabilix-centrum.pl\/www\/wp-content\/uploads\/2013\/09\/REFERENCJE-STAWISKI-218x300.jpg 218w, http:\/\/www.rehabilix-centrum.pl\/www\/wp-content\/uploads\/2013\/09\/REFERENCJE-STAWISKI-946x1301.jpg 946w\" sizes=\"auto, (max-width: 706px) 89vw, (max-width: 767px) 82vw, 740px\" \/><\/a><a href=\"http:\/\/www.rehabilix-centrum.pl\/www\/wp-content\/uploads\/2013\/09\/LIST-REFERNCYJNY-PI\u0142A-ZESP\u00d3\u0141-SZK\u00d3\u0141-NR1.jpg\"><img loading=\"lazy\" decoding=\"async\" class=\"aligncenter size-large wp-image-476\" title=\"LIST REFERNCYJNY PI\u0142A ZESP\u00d3\u0141 SZK\u00d3\u0141 NR1\" src=\"http:\/\/www.rehabilix-centrum.pl\/www\/wp-content\/uploads\/2013\/09\/LIST-REFERNCYJNY-PI\u0142A-ZESP\u00d3\u0141-SZK\u00d3\u0141-NR1-744x1024.jpg\" alt=\"\" width=\"744\" height=\"1024\" srcset=\"http:\/\/www.rehabilix-centrum.pl\/www\/wp-content\/uploads\/2013\/09\/LIST-REFERNCYJNY-PI\u0142A-ZESP\u00d3\u0141-SZK\u00d3\u0141-NR1-744x1024.jpg 744w, http:\/\/www.rehabilix-centrum.pl\/www\/wp-content\/uploads\/2013\/09\/LIST-REFERNCYJNY-PI\u0142A-ZESP\u00d3\u0141-SZK\u00d3\u0141-NR1-218x300.jpg 218w, http:\/\/www.rehabilix-centrum.pl\/www\/wp-content\/uploads\/2013\/09\/LIST-REFERNCYJNY-PI\u0142A-ZESP\u00d3\u0141-SZK\u00d3\u0141-NR1-946x1301.jpg 946w, http:\/\/www.rehabilix-centrum.pl\/www\/wp-content\/uploads\/2013\/09\/LIST-REFERNCYJNY-PI\u0142A-ZESP\u00d3\u0141-SZK\u00d3\u0141-NR1.jpg 1700w\" sizes=\"auto, (max-width: 706px) 89vw, (max-width: 767px) 82vw, 740px\" \/><\/a><\/p>\n<p style=\"text-align: justify;\"><span style=\"font-size: small;\">Zaufa\u0142y nam nie tylko plac\u00f3wki o\u015bwiatowe, ale r\u00f3wnie\u017c doceni\u0142y nasz\u0105 prac\u0119\u00a0samorz\u0105dy lokalne (np. Miasto Konin wsp\u00f3\u0142organizator cyklicznej akcji <strong>\u201eZdrowie to podstawa\u201d<\/strong>), czy organizacje pozarz\u0105dowe (Stowarzyszenie na Rzecz Dzieci i M\u0142odzie\u017cy T\u0119cza z siedzib\u0105 w Radlinie), z kt\u00f3rymi na sta\u0142e wsp\u00f3\u0142pracujemy, bior\u0105c udzia\u0142 w akcjach wsp\u00f3\u0142finansowanych przez te podmioty.<\/span><\/p>\n<p style=\"text-align: justify;\"><span style=\"font-size: small;\"><a href=\"http:\/\/www.rehabilix-centrum.pl\/www\/wp-content\/uploads\/2013\/09\/plakaat_KONIN_wrzesien.jpg\"><img loading=\"lazy\" decoding=\"async\" class=\"aligncenter size-full wp-image-335\" title=\"plakat akcja Zdrowie to Podstawa\" src=\"http:\/\/www.rehabilix-centrum.pl\/www\/wp-content\/uploads\/2013\/09\/plakaat_KONIN_wrzesien.jpg\" alt=\"\" width=\"600\" height=\"901\" srcset=\"http:\/\/www.rehabilix-centrum.pl\/www\/wp-content\/uploads\/2013\/09\/plakaat_KONIN_wrzesien.jpg 600w, http:\/\/www.rehabilix-centrum.pl\/www\/wp-content\/uploads\/2013\/09\/plakaat_KONIN_wrzesien-199x300.jpg 199w\" sizes=\"auto, (max-width: 600px) 100vw, 600px\" \/><\/a><\/span><\/p>\n<p><a href=\"http:\/\/www.rehabilix-centrum.pl\/www\/wp-content\/uploads\/2014\/05\/REFERENCJE-G\u0141UCHO\u0141AZY.jpg\"><img loading=\"lazy\" decoding=\"async\" title=\"REFERENCJE G\u0141UCHO\u0141AZY\" src=\"http:\/\/www.rehabilix-centrum.pl\/www\/wp-content\/uploads\/2014\/05\/REFERENCJE-G\u0141UCHO\u0141AZY-e1400704860176-1024x671.jpg\" alt=\"\" width=\"1024\" height=\"671\" \/><\/a><\/p>\n<p><a href=\"http:\/\/www.rehabilix-centrum.pl\/www\/wp-content\/uploads\/2013\/12\/referencje-Barcin-001-e1386932858694.jpg\"><img loading=\"lazy\" decoding=\"async\" title=\"referencje Barcin \" src=\"http:\/\/www.rehabilix-centrum.pl\/www\/wp-content\/uploads\/2013\/12\/referencje-Barcin-001-e1386932858694-1024x819.jpg\" alt=\"\" width=\"1024\" height=\"819\" \/><\/a><\/p>\n<p><a href=\"http:\/\/www.rehabilix-centrum.pl\/www\/wp-content\/uploads\/2014\/03\/LIST-POLECAJACY-PACZKOW-001-e1394234272503.jpg\"><img loading=\"lazy\" decoding=\"async\" title=\"LIST POLECAJACY PACZK\u00d3W\" src=\"http:\/\/www.rehabilix-centrum.pl\/www\/wp-content\/uploads\/2014\/03\/LIST-POLECAJACY-PACZKOW-001-e1394234272503-1024x794.jpg\" alt=\"\" width=\"1024\" height=\"794\" \/><\/a><\/p>\n<p><a href=\"http:\/\/www.rehabilix-centrum.pl\/www\/wp-content\/uploads\/2013\/09\/REFERENCJE-STOWARZYSZENIA-TECZA.jpg\"><img loading=\"lazy\" decoding=\"async\" title=\"REFERENCJE STOWARZYSZENIA TECZA\" src=\"http:\/\/www.rehabilix-centrum.pl\/www\/wp-content\/uploads\/2013\/09\/REFERENCJE-STOWARZYSZENIA-TECZA-744x1024.jpg\" alt=\"\" width=\"744\" height=\"1024\" \/><\/a><\/p>\n<p><a href=\"http:\/\/www.rehabilix-centrum.pl\/www\/wp-content\/uploads\/2013\/09\/REFERENCJE-\u017bAGA\u0143.jpg\"><img loading=\"lazy\" decoding=\"async\" title=\"REFERENCJE \u017bAGA\u0143\" src=\"http:\/\/www.rehabilix-centrum.pl\/www\/wp-content\/uploads\/2013\/09\/REFERENCJE-\u017bAGA\u0143-744x1024.jpg\" alt=\"\" width=\"744\" height=\"1024\" \/><\/a><\/p>\n","protected":false},"excerpt":{"rendered":"<p>Doceniamy, \u017ce Kierownictwo Plac\u00f3wek zadowolone z naszej pracy przesy\u0142a nam listy referencyjne. Przyk\u0142adowe prezentujemy poni\u017cej, wszystkie pozosta\u0142e\u00a0okazujemy na \u017c\u0105danie.\u00a0Zawsze staramy si\u0119 by nasze badania (wyniki) mia\u0142y charakter jak najbardziej diagnostyczny. Mamy \u015bwiadomo\u015b\u0107, \u017ce na rynku\u00a0funkcjonuj\u0105 firmy, kt\u00f3re wykonuj\u0105 takie badania, kt\u00f3rych wynik i tak\u00a0p\u00f3\u017aniej winien by\u0107 weryfikowany przez lekarzy. My staramy si\u0119 zawsze w wyniku &hellip; <\/p>\n<p class=\"link-more\"><a href=\"http:\/\/www.rehabilix-centrum.pl\/?page_id=231\" class=\"more-link\">Czytaj dalej<span class=\"screen-reader-text\"> \u201eReferencje\u201d<\/span><\/a><\/p>\n","protected":false},"author":1,"featured_media":0,"parent":224,"menu_order":0,"comment_status":"open","ping_status":"open","template":"paged-portfolio-one.php","meta":{"footnotes":""},"class_list":["post-231","page","type-page","status-publish","hentry"],"_links":{"self":[{"href":"http:\/\/www.rehabilix-centrum.pl\/index.php?rest_route=\/wp\/v2\/pages\/231","targetHints":{"allow":["GET"]}}],"collection":[{"href":"http:\/\/www.rehabilix-centrum.pl\/index.php?rest_route=\/wp\/v2\/pages"}],"about":[{"href":"http:\/\/www.rehabilix-centrum.pl\/index.php?rest_route=\/wp\/v2\/types\/page"}],"author":[{"embeddable":true,"href":"http:\/\/www.rehabilix-centrum.pl\/index.php?rest_route=\/wp\/v2\/users\/1"}],"replies":[{"embeddable":true,"href":"http:\/\/www.rehabilix-centrum.pl\/index.php?rest_route=%2Fwp%2Fv2%2Fcomments&post=231"}],"version-history":[{"count":19,"href":"http:\/\/www.rehabilix-centrum.pl\/index.php?rest_route=\/wp\/v2\/pages\/231\/revisions"}],"predecessor-version":[{"id":795,"href":"http:\/\/www.rehabilix-centrum.pl\/index.php?rest_route=\/wp\/v2\/pages\/231\/revisions\/795"}],"up":[{"embeddable":true,"href":"http:\/\/www.rehabilix-centrum.pl\/index.php?rest_route=\/wp\/v2\/pages\/224"}],"wp:attachment":[{"href":"http:\/\/www.rehabilix-centrum.pl\/index.php?rest_route=%2Fwp%2Fv2%2Fmedia&parent=231"}],"curies":[{"name":"wp","href":"https:\/\/api.w.org\/{rel}","templated":true}]}}