{"id":387,"date":"2013-09-19T10:55:42","date_gmt":"2013-09-19T08:55:42","guid":{"rendered":"http:\/\/www.rehabilix-centrum.pl\/?page_id=387"},"modified":"2023-03-12T14:11:40","modified_gmt":"2023-03-12T13:11:40","slug":"oferta-dla-samorzadow-i-szkol","status":"publish","type":"page","link":"http:\/\/www.rehabilix-centrum.pl\/?page_id=387","title":{"rendered":"Oferta dla Samorz\u0105d\u00f3w"},"content":{"rendered":"\n<p><span style=\"font-size: medium;\"><span style=\"color: #000000;\">&nbsp;&nbsp;&nbsp;&nbsp;&nbsp;&nbsp;&nbsp;&nbsp;&nbsp;&nbsp;&nbsp;<\/span><\/span><\/p>\n\n\n\n<p>O tym, \u017ce wa\u017cna jest profilaktyka zdrowotna w\u015br\u00f3d dzieci nie trzeba chyba nikogo przekonywa\u0107, wszak <strong>zawsze lepiej jest zapobiega\u0107, ni\u017c leczy\u0107<\/strong>.<\/p>\n\n\n\n<p>Rehabilix \u2013 Centrum serdecznie zaprasza <strong>W\u0142odarzy Miast i Gmin<\/strong> oraz <strong>Kierownictwo plac\u00f3wek o\u015bwiatowych <\/strong>do wsp\u00f3\u0142pracy. Jako Firma mo\u017cemy bra\u0107 udzia\u0142 zar\u00f3wno w akcjach profilaktycznych o wi\u0119kszym zasi\u0119gu, organizowanych przez Miasta i Gminy (oraz Szko\u0142y i Przedszkola) w ramach piknik\u00f3w zdrowotnych, Dni Miast i Wsi i inne jak i w indywidualnych akcjach zdrowotnych wsp\u00f3\u0142organizowanych przez Firm\u0119 Rehabilix- Centrum i konkretny Samorz\u0105d lokalny (lub Szko\u0142\u0119\/Przedszkole).<\/p>\n\n\n\n<p>Ka\u017cda akcja poprzedzona b\u0119dzie akcj\u0105 marketingow\u0105, w kt\u00f3rej dany Samorz\u0105d lokalny (lub Szko\u0142a\/Przedszkole) wyst\u0119powa\u0142 b\u0119dzie jako <strong>Organizator Akcji Zdrowotnej \u201ePOSTAW na POSTAW\u0118\u201d. <\/strong><\/p>\n\n\n\n<p>Wsp\u00f3\u0142praca Samorz\u0105d\u00f3w i Kierownictwa Szk\u00f3\u0142 i Przedszkoli nie tylko pozwoli zwi\u0119kszy\u0107 dost\u0119pno\u015b\u0107 do profesjonalnych i specjalistycznych bada\u0144, ale r\u00f3wnie\u017c b\u0119dzie mia\u0142a wp\u0142yw na postrzeganie lokalnych W\u0142odarzy i Dyrektor\u00f3w Szk\u00f3\u0142 (Przedszkoli) przez Mieszka\u0144c\u00f3w i Rodzic\u00f3w. Najwi\u0119cej na tych akcjach skorzystaj\u0105 jednak Dzieci, kt\u00f3rych zdrowie i prawid\u0142owy rozw\u00f3j powinny by\u0107 zawsze dla nas najwi\u0119kszym priorytetem.<\/p>\n\n\n\n<p>W ofercie znajdziecie Pa\u0144stwo badania profilaktyczne:<\/p>\n\n\n\n<ul class=\"wp-block-list\">\n<li>komputerowe badanie wad postawy,<\/li>\n\n\n\n<li>komputerowe badanie st\u00f3p<\/li>\n<\/ul>\n\n\n\n<p class=\"has-text-align-left\">Ka\u017cde badanie opatrzone b\u0119dzie dok\u0142adnym opisem specjalist\u00f3w z zakresu wad postawy u Dzieci. Ka\u017cdy Ma\u0142y Pacjent otrzyma r\u00f3wnie\u017c szczeg\u00f3\u0142owy zestaw \u0107wicze\u0144. Na specjalne \u017cyczenie Rehabilix \u2013 Centrum oferuje r\u00f3wnie\u017c przeprowadzenie lekcji pokazowej (z prezentacj\u0105 \u0107wicze\u0144) i\/lub wyk\u0142ad skierowany do Rodzic\u00f3w\/ Nauczycieli wychowania fizycznego i in.<\/p>\n\n\n\n<p class=\"has-text-align-left\"><strong>W przypadku zebrania si\u0119 grupy min. 50 dzieci, firma Rehabilix \u2013 Centrum oferuje specjalne promocje cenowe, uwzgl\u0119dniaj\u0105ce rabat nawet do 50% w stosunku do ceny rynkowej 1 badania.<\/strong><\/p>\n\n\n\n<p class=\"has-text-align-left\">Zg\u0142oszenia ch\u0119ci wsp\u00f3\u0142pracy prosimy kierowa\u0107 na adres e-mail: <a href=\"mailto:biuro@rehabilix-centrum.pl\">biuro@rehabilix-centrum.pl<\/a> lub o kontakt pod numer 509 560 383. Po konsultacjach, skierowana b\u0119dzie do Pa\u0144stwa indywidualnie przygotowana oferta cenowa.<\/p>\n","protected":false},"excerpt":{"rendered":"<p>&nbsp;&nbsp;&nbsp;&nbsp;&nbsp;&nbsp;&nbsp;&nbsp;&nbsp;&nbsp;&nbsp; O tym, \u017ce wa\u017cna jest profilaktyka zdrowotna w\u015br\u00f3d dzieci nie trzeba chyba nikogo przekonywa\u0107, wszak zawsze lepiej jest zapobiega\u0107, ni\u017c leczy\u0107. Rehabilix \u2013 Centrum serdecznie zaprasza W\u0142odarzy Miast i Gmin oraz Kierownictwo plac\u00f3wek o\u015bwiatowych do wsp\u00f3\u0142pracy. Jako Firma mo\u017cemy bra\u0107 udzia\u0142 zar\u00f3wno w akcjach profilaktycznych o wi\u0119kszym zasi\u0119gu, organizowanych przez Miasta i Gminy (oraz &hellip; <\/p>\n<p class=\"link-more\"><a href=\"http:\/\/www.rehabilix-centrum.pl\/?page_id=387\" class=\"more-link\">Czytaj dalej<span class=\"screen-reader-text\"> \u201eOferta dla Samorz\u0105d\u00f3w\u201d<\/span><\/a><\/p>\n","protected":false},"author":1,"featured_media":0,"parent":0,"menu_order":0,"comment_status":"open","ping_status":"open","template":"","meta":{"footnotes":""},"class_list":["post-387","page","type-page","status-publish","hentry"],"_links":{"self":[{"href":"http:\/\/www.rehabilix-centrum.pl\/index.php?rest_route=\/wp\/v2\/pages\/387","targetHints":{"allow":["GET"]}}],"collection":[{"href":"http:\/\/www.rehabilix-centrum.pl\/index.php?rest_route=\/wp\/v2\/pages"}],"about":[{"href":"http:\/\/www.rehabilix-centrum.pl\/index.php?rest_route=\/wp\/v2\/types\/page"}],"author":[{"embeddable":true,"href":"http:\/\/www.rehabilix-centrum.pl\/index.php?rest_route=\/wp\/v2\/users\/1"}],"replies":[{"embeddable":true,"href":"http:\/\/www.rehabilix-centrum.pl\/index.php?rest_route=%2Fwp%2Fv2%2Fcomments&post=387"}],"version-history":[{"count":29,"href":"http:\/\/www.rehabilix-centrum.pl\/index.php?rest_route=\/wp\/v2\/pages\/387\/revisions"}],"predecessor-version":[{"id":898,"href":"http:\/\/www.rehabilix-centrum.pl\/index.php?rest_route=\/wp\/v2\/pages\/387\/revisions\/898"}],"wp:attachment":[{"href":"http:\/\/www.rehabilix-centrum.pl\/index.php?rest_route=%2Fwp%2Fv2%2Fmedia&parent=387"}],"curies":[{"name":"wp","href":"https:\/\/api.w.org\/{rel}","templated":true}]}}