{"id":48,"date":"2012-11-28T19:23:41","date_gmt":"2012-11-28T18:23:41","guid":{"rendered":"http:\/\/www.rehabilix-centrum.pl\/www\/?page_id=48"},"modified":"2013-01-14T04:37:22","modified_gmt":"2013-01-14T03:37:22","slug":"profilaktyka","status":"publish","type":"page","link":"http:\/\/www.rehabilix-centrum.pl\/?page_id=48","title":{"rendered":"Profilaktyka"},"content":{"rendered":"<p style=\"text-align: justify;\">Jak wiadomo w ostatnich latach ogromny post\u0119p cywilizacyjny, nowy sprz\u0119t u\u0142atwiaj\u0105cy codzienne \u017cycie, nowe atrakcje dla dzieci takie jak gry komputerowe, konsole, z\u0142e nawyki \u017cywieniowe (w tym fast food) spowodowa\u0142y, \u017ce nasze dzieci, ale i my &#8211; doro\u015bli- mamy coraz mniej ruchu.<\/p>\n<p style=\"text-align: justify;\">Jest to niestety g\u0142\u00f3wn\u0105 przyczyn\u0105\u00a0<strong>wad postawy i chor\u00f3b kr\u0105\u017cenia.<\/strong>\u00a0Tylko wczesne wykrycie zaburze\u0144 zwi\u0105zanych, czy to ze zmianami postawy, czy chorobowymi mo\u017ce by\u0107 zbawienne i uchroni\u0107 nas przed p\u00f3\u017aniejszymi nast\u0119pstwami, jakimi s\u0105\u00a0<strong>choroby kr\u0119gos\u0142upa (skoliozy, dyskopatia), czy zmiana w budowie staw\u00f3w.<\/strong><\/p>\n<p style=\"text-align: justify;\">Dzi\u0119ki badaniom, kt\u00f3re prowadzimy i dalszym zaleceniom oraz zestawom \u0107wicze\u0144, kt\u00f3re nale\u017cy systematycznie stosowa\u0107 mo\u017cemy<strong>\u00a0unikn\u0105\u0107<\/strong>\u00a0wielu p\u00f3\u017aniejszych problem\u00f3w zdrowotnych zar\u00f3wno naszych w\u0142asnych, jak i naszych dzieci.<\/p>\n<p style=\"text-align: justify;\"><strong>Pami\u0119tajmy o swoim zdrowiu i systematycznie profilaktycznie badajmy si\u0119,\u00a0 aby nie by\u0142o za p\u00f3\u017ano\u2026 <\/strong><\/p>\n<p style=\"text-align: justify;\"><strong>Pami\u0119tajmy zdrowie naszych dzieci oraz nasze w\u0142asne jest w naszych r\u0119kach!<\/strong><\/p>\n","protected":false},"excerpt":{"rendered":"<p>Jak wiadomo w ostatnich latach ogromny post\u0119p cywilizacyjny, nowy sprz\u0119t u\u0142atwiaj\u0105cy codzienne \u017cycie, nowe atrakcje dla dzieci takie jak gry komputerowe, konsole, z\u0142e nawyki \u017cywieniowe (w tym fast food) spowodowa\u0142y, \u017ce nasze dzieci, ale i my &#8211; doro\u015bli- mamy coraz mniej ruchu. Jest to niestety g\u0142\u00f3wn\u0105 przyczyn\u0105\u00a0wad postawy i chor\u00f3b kr\u0105\u017cenia.\u00a0Tylko wczesne wykrycie zaburze\u0144 zwi\u0105zanych, &hellip; <\/p>\n<p class=\"link-more\"><a href=\"http:\/\/www.rehabilix-centrum.pl\/?page_id=48\" class=\"more-link\">Czytaj dalej<span class=\"screen-reader-text\"> \u201eProfilaktyka\u201d<\/span><\/a><\/p>\n","protected":false},"author":1,"featured_media":0,"parent":45,"menu_order":0,"comment_status":"open","ping_status":"open","template":"","meta":{"footnotes":""},"class_list":["post-48","page","type-page","status-publish","hentry"],"_links":{"self":[{"href":"http:\/\/www.rehabilix-centrum.pl\/index.php?rest_route=\/wp\/v2\/pages\/48","targetHints":{"allow":["GET"]}}],"collection":[{"href":"http:\/\/www.rehabilix-centrum.pl\/index.php?rest_route=\/wp\/v2\/pages"}],"about":[{"href":"http:\/\/www.rehabilix-centrum.pl\/index.php?rest_route=\/wp\/v2\/types\/page"}],"author":[{"embeddable":true,"href":"http:\/\/www.rehabilix-centrum.pl\/index.php?rest_route=\/wp\/v2\/users\/1"}],"replies":[{"embeddable":true,"href":"http:\/\/www.rehabilix-centrum.pl\/index.php?rest_route=%2Fwp%2Fv2%2Fcomments&post=48"}],"version-history":[{"count":9,"href":"http:\/\/www.rehabilix-centrum.pl\/index.php?rest_route=\/wp\/v2\/pages\/48\/revisions"}],"predecessor-version":[{"id":178,"href":"http:\/\/www.rehabilix-centrum.pl\/index.php?rest_route=\/wp\/v2\/pages\/48\/revisions\/178"}],"up":[{"embeddable":true,"href":"http:\/\/www.rehabilix-centrum.pl\/index.php?rest_route=\/wp\/v2\/pages\/45"}],"wp:attachment":[{"href":"http:\/\/www.rehabilix-centrum.pl\/index.php?rest_route=%2Fwp%2Fv2%2Fmedia&parent=48"}],"curies":[{"name":"wp","href":"https:\/\/api.w.org\/{rel}","templated":true}]}}