{"id":628,"date":"2023-02-25T18:13:37","date_gmt":"2023-02-25T17:13:37","guid":{"rendered":"http:\/\/www.rehabilix-centrum.pl\/?page_id=628"},"modified":"2023-03-12T13:53:29","modified_gmt":"2023-03-12T12:53:29","slug":"diagnostyka-stop","status":"publish","type":"page","link":"http:\/\/www.rehabilix-centrum.pl\/?page_id=628","title":{"rendered":"Diagnostyka st\u00f3p przy u\u017cyciu platformy pedobarografu"},"content":{"rendered":"\n<p>Komputerowa diagnostyka st\u00f3p opiera si\u0119 na wykorzystaniu platformy, nazywanej pedobarografem, kt\u00f3ra s\u0142u\u017cy do oceny nacisku st\u00f3p na pod\u0142o\u017ce zar\u00f3wno podczas stania, jak i chodu. Badanie ma wi\u0119c charakter statyczny oraz dynamiczny, umo\u017cliwiaj\u0105c pe\u0142en wgl\u0105d w ewentualne zaburzenia nacisku st\u00f3p u danego pacjenta. Wida\u0107 dok\u0142adnie kt\u00f3ry, element stopy powoduje nadmierne przeci\u0105\u017cenia i dzi\u0119ki temu mo\u017cna w dalszej kolejno\u015bci precyzyjniej zaprojektowa\u0107 indywidualnie wk\u0142adk\u0119 w celu odci\u0105\u017cenia tych element\u00f3w.<\/p>\n\n\n\n<figure class=\"wp-block-image size-full is-resized\"><a href=\"http:\/\/www.rehabilix-centrum.pl\/www\/wp-content\/uploads\/2023\/02\/0badanie_na_macie.png\"><img loading=\"lazy\" decoding=\"async\" src=\"http:\/\/www.rehabilix-centrum.pl\/www\/wp-content\/uploads\/2023\/02\/0badanie_na_macie.png\" alt=\"\" class=\"wp-image-617\" width=\"377\" height=\"377\" srcset=\"http:\/\/www.rehabilix-centrum.pl\/www\/wp-content\/uploads\/2023\/02\/0badanie_na_macie.png 800w, http:\/\/www.rehabilix-centrum.pl\/www\/wp-content\/uploads\/2023\/02\/0badanie_na_macie-300x300.png 300w, http:\/\/www.rehabilix-centrum.pl\/www\/wp-content\/uploads\/2023\/02\/0badanie_na_macie-150x150.png 150w, http:\/\/www.rehabilix-centrum.pl\/www\/wp-content\/uploads\/2023\/02\/0badanie_na_macie-768x768.png 768w, http:\/\/www.rehabilix-centrum.pl\/www\/wp-content\/uploads\/2023\/02\/0badanie_na_macie-210x210.png 210w\" sizes=\"auto, (max-width: 377px) 100vw, 377px\" \/><\/a><\/figure>\n\n\n\n<p>Pedobarografia stanowi dziedzin\u0119 bada\u0144 diagnozuj\u0105cych, dzi\u0119ki kt\u00f3rym mo\u017cliwa staje si\u0119 precyzyjna wizualizacja obci\u0105\u017ce\u0144 na stopach, ocena postawy pacjenta podczas stania i przemieszczania si\u0119 \u2013 w tym tak\u017ce przetaczania stopy, ocena stabilometrii cia\u0142a \u2013 wyznaczenie \u015brodka ci\u0119\u017cko\u015bci i analiza zachowania ca\u0142ego cia\u0142a w postawie stoj\u0105cej i podczas aktywno\u015bci.<\/p>\n\n\n\n<figure class=\"wp-block-gallery has-nested-images columns-default is-cropped wp-block-gallery-1 is-layout-flex wp-block-gallery-is-layout-flex\">\n<figure class=\"wp-block-image size-large\"><a href=\"http:\/\/www.rehabilix-centrum.pl\/www\/wp-content\/uploads\/2023\/02\/badanie-na-macie-2-scaled.jpg\"><img loading=\"lazy\" decoding=\"async\" width=\"1024\" height=\"684\" data-id=\"618\" src=\"http:\/\/www.rehabilix-centrum.pl\/www\/wp-content\/uploads\/2023\/02\/badanie-na-macie-2-1024x684.jpg\" alt=\"\" class=\"wp-image-618\" srcset=\"http:\/\/www.rehabilix-centrum.pl\/www\/wp-content\/uploads\/2023\/02\/badanie-na-macie-2-1024x684.jpg 1024w, http:\/\/www.rehabilix-centrum.pl\/www\/wp-content\/uploads\/2023\/02\/badanie-na-macie-2-300x200.jpg 300w, http:\/\/www.rehabilix-centrum.pl\/www\/wp-content\/uploads\/2023\/02\/badanie-na-macie-2-768x513.jpg 768w, http:\/\/www.rehabilix-centrum.pl\/www\/wp-content\/uploads\/2023\/02\/badanie-na-macie-2-1536x1025.jpg 1536w, http:\/\/www.rehabilix-centrum.pl\/www\/wp-content\/uploads\/2023\/02\/badanie-na-macie-2-2048x1367.jpg 2048w, http:\/\/www.rehabilix-centrum.pl\/www\/wp-content\/uploads\/2023\/02\/badanie-na-macie-2-946x632.jpg 946w\" sizes=\"auto, (max-width: 767px) 89vw, (max-width: 1000px) 54vw, (max-width: 1071px) 543px, 580px\" \/><\/a><\/figure>\n\n\n\n<figure class=\"wp-block-image size-large\"><a href=\"http:\/\/www.rehabilix-centrum.pl\/www\/wp-content\/uploads\/2023\/02\/0badanie_na_macie-scaled.jpg\"><img loading=\"lazy\" decoding=\"async\" width=\"1024\" height=\"684\" data-id=\"616\" src=\"http:\/\/www.rehabilix-centrum.pl\/www\/wp-content\/uploads\/2023\/02\/0badanie_na_macie-1024x684.jpg\" alt=\"\" class=\"wp-image-616\" srcset=\"http:\/\/www.rehabilix-centrum.pl\/www\/wp-content\/uploads\/2023\/02\/0badanie_na_macie-1024x684.jpg 1024w, http:\/\/www.rehabilix-centrum.pl\/www\/wp-content\/uploads\/2023\/02\/0badanie_na_macie-300x200.jpg 300w, http:\/\/www.rehabilix-centrum.pl\/www\/wp-content\/uploads\/2023\/02\/0badanie_na_macie-768x513.jpg 768w, http:\/\/www.rehabilix-centrum.pl\/www\/wp-content\/uploads\/2023\/02\/0badanie_na_macie-1536x1025.jpg 1536w, http:\/\/www.rehabilix-centrum.pl\/www\/wp-content\/uploads\/2023\/02\/0badanie_na_macie-2048x1367.jpg 2048w, http:\/\/www.rehabilix-centrum.pl\/www\/wp-content\/uploads\/2023\/02\/0badanie_na_macie-946x632.jpg 946w\" sizes=\"auto, (max-width: 767px) 89vw, (max-width: 1000px) 54vw, (max-width: 1071px) 543px, 580px\" \/><\/a><\/figure>\n<\/figure>\n\n\n\n<p>Przyk\u0142adowe opisy badania:<\/p>\n\n\n\n<figure class=\"wp-block-gallery has-nested-images columns-default is-cropped wp-block-gallery-2 is-layout-flex wp-block-gallery-is-layout-flex\">\n<figure class=\"wp-block-image size-large\"><a href=\"http:\/\/www.rehabilix-centrum.pl\/www\/wp-content\/uploads\/2023\/03\/statyka2.png\"><img loading=\"lazy\" decoding=\"async\" width=\"1024\" height=\"678\" data-id=\"880\" src=\"http:\/\/www.rehabilix-centrum.pl\/www\/wp-content\/uploads\/2023\/03\/statyka2-1024x678.png\" alt=\"\" class=\"wp-image-880\" srcset=\"http:\/\/www.rehabilix-centrum.pl\/www\/wp-content\/uploads\/2023\/03\/statyka2-1024x678.png 1024w, http:\/\/www.rehabilix-centrum.pl\/www\/wp-content\/uploads\/2023\/03\/statyka2-300x198.png 300w, http:\/\/www.rehabilix-centrum.pl\/www\/wp-content\/uploads\/2023\/03\/statyka2-768x508.png 768w, http:\/\/www.rehabilix-centrum.pl\/www\/wp-content\/uploads\/2023\/03\/statyka2.png 1324w\" sizes=\"auto, (max-width: 767px) 89vw, (max-width: 1000px) 54vw, (max-width: 1071px) 543px, 580px\" \/><\/a><figcaption class=\"wp-element-caption\">badanie w statyce<\/figcaption><\/figure>\n\n\n\n<figure class=\"wp-block-image size-large\"><a href=\"http:\/\/www.rehabilix-centrum.pl\/www\/wp-content\/uploads\/2023\/03\/statyka1.png\"><img loading=\"lazy\" decoding=\"async\" width=\"1024\" height=\"666\" data-id=\"879\" src=\"http:\/\/www.rehabilix-centrum.pl\/www\/wp-content\/uploads\/2023\/03\/statyka1-1024x666.png\" alt=\"\" class=\"wp-image-879\" srcset=\"http:\/\/www.rehabilix-centrum.pl\/www\/wp-content\/uploads\/2023\/03\/statyka1-1024x666.png 1024w, http:\/\/www.rehabilix-centrum.pl\/www\/wp-content\/uploads\/2023\/03\/statyka1-300x195.png 300w, http:\/\/www.rehabilix-centrum.pl\/www\/wp-content\/uploads\/2023\/03\/statyka1-768x499.png 768w, http:\/\/www.rehabilix-centrum.pl\/www\/wp-content\/uploads\/2023\/03\/statyka1.png 1321w\" sizes=\"auto, (max-width: 767px) 89vw, (max-width: 1000px) 54vw, (max-width: 1071px) 543px, 580px\" \/><\/a><figcaption class=\"wp-element-caption\">badanie w statyce<\/figcaption><\/figure>\n\n\n\n<figure class=\"wp-block-image size-large\"><a href=\"http:\/\/www.rehabilix-centrum.pl\/www\/wp-content\/uploads\/2023\/03\/statyka.jpg\"><img loading=\"lazy\" decoding=\"async\" width=\"1024\" height=\"555\" data-id=\"878\" src=\"http:\/\/www.rehabilix-centrum.pl\/www\/wp-content\/uploads\/2023\/03\/statyka-1024x555.jpg\" alt=\"\" class=\"wp-image-878\" srcset=\"http:\/\/www.rehabilix-centrum.pl\/www\/wp-content\/uploads\/2023\/03\/statyka-1024x555.jpg 1024w, http:\/\/www.rehabilix-centrum.pl\/www\/wp-content\/uploads\/2023\/03\/statyka-300x163.jpg 300w, http:\/\/www.rehabilix-centrum.pl\/www\/wp-content\/uploads\/2023\/03\/statyka-768x416.jpg 768w, http:\/\/www.rehabilix-centrum.pl\/www\/wp-content\/uploads\/2023\/03\/statyka-1536x832.jpg 1536w, http:\/\/www.rehabilix-centrum.pl\/www\/wp-content\/uploads\/2023\/03\/statyka.jpg 1920w\" sizes=\"auto, (max-width: 767px) 89vw, (max-width: 1000px) 54vw, (max-width: 1071px) 543px, 580px\" \/><\/a><figcaption class=\"wp-element-caption\">badanie w statyce<\/figcaption><\/figure>\n\n\n\n<figure class=\"wp-block-image size-large\"><a href=\"http:\/\/www.rehabilix-centrum.pl\/www\/wp-content\/uploads\/2023\/03\/dynamika1.png\"><img loading=\"lazy\" decoding=\"async\" width=\"1024\" height=\"473\" data-id=\"877\" src=\"http:\/\/www.rehabilix-centrum.pl\/www\/wp-content\/uploads\/2023\/03\/dynamika1-1024x473.png\" alt=\"\" class=\"wp-image-877\" srcset=\"http:\/\/www.rehabilix-centrum.pl\/www\/wp-content\/uploads\/2023\/03\/dynamika1-1024x473.png 1024w, http:\/\/www.rehabilix-centrum.pl\/www\/wp-content\/uploads\/2023\/03\/dynamika1-300x139.png 300w, http:\/\/www.rehabilix-centrum.pl\/www\/wp-content\/uploads\/2023\/03\/dynamika1-768x355.png 768w, http:\/\/www.rehabilix-centrum.pl\/www\/wp-content\/uploads\/2023\/03\/dynamika1-1536x710.png 1536w, http:\/\/www.rehabilix-centrum.pl\/www\/wp-content\/uploads\/2023\/03\/dynamika1.png 1892w\" sizes=\"auto, (max-width: 767px) 89vw, (max-width: 1000px) 54vw, (max-width: 1071px) 543px, 580px\" \/><\/a><figcaption class=\"wp-element-caption\">badanie w dynamice<\/figcaption><\/figure>\n\n\n\n<figure class=\"wp-block-image size-large\"><a href=\"http:\/\/www.rehabilix-centrum.pl\/www\/wp-content\/uploads\/2023\/03\/dynamika.png\"><img loading=\"lazy\" decoding=\"async\" width=\"1024\" height=\"475\" data-id=\"876\" src=\"http:\/\/www.rehabilix-centrum.pl\/www\/wp-content\/uploads\/2023\/03\/dynamika-1024x475.png\" alt=\"\" class=\"wp-image-876\" srcset=\"http:\/\/www.rehabilix-centrum.pl\/www\/wp-content\/uploads\/2023\/03\/dynamika-1024x475.png 1024w, http:\/\/www.rehabilix-centrum.pl\/www\/wp-content\/uploads\/2023\/03\/dynamika-300x139.png 300w, http:\/\/www.rehabilix-centrum.pl\/www\/wp-content\/uploads\/2023\/03\/dynamika-768x356.png 768w, http:\/\/www.rehabilix-centrum.pl\/www\/wp-content\/uploads\/2023\/03\/dynamika-1536x713.png 1536w, http:\/\/www.rehabilix-centrum.pl\/www\/wp-content\/uploads\/2023\/03\/dynamika.png 1894w\" sizes=\"auto, (max-width: 767px) 89vw, (max-width: 1000px) 54vw, (max-width: 1071px) 543px, 580px\" \/><\/a><figcaption class=\"wp-element-caption\">badanie w dynamice<\/figcaption><\/figure>\n\n\n\n<figure class=\"wp-block-image size-large\"><a href=\"http:\/\/www.rehabilix-centrum.pl\/www\/wp-content\/uploads\/2023\/03\/statyka3.png\"><img loading=\"lazy\" decoding=\"async\" width=\"1024\" height=\"472\" data-id=\"881\" src=\"http:\/\/www.rehabilix-centrum.pl\/www\/wp-content\/uploads\/2023\/03\/statyka3-1024x472.png\" alt=\"\" class=\"wp-image-881\" srcset=\"http:\/\/www.rehabilix-centrum.pl\/www\/wp-content\/uploads\/2023\/03\/statyka3-1024x472.png 1024w, http:\/\/www.rehabilix-centrum.pl\/www\/wp-content\/uploads\/2023\/03\/statyka3-300x138.png 300w, http:\/\/www.rehabilix-centrum.pl\/www\/wp-content\/uploads\/2023\/03\/statyka3-768x354.png 768w, http:\/\/www.rehabilix-centrum.pl\/www\/wp-content\/uploads\/2023\/03\/statyka3-1536x708.png 1536w, http:\/\/www.rehabilix-centrum.pl\/www\/wp-content\/uploads\/2023\/03\/statyka3.png 1700w\" sizes=\"auto, (max-width: 767px) 89vw, (max-width: 1000px) 54vw, (max-width: 1071px) 543px, 580px\" \/><\/a><figcaption class=\"wp-element-caption\">rozk\u0142ad si\u0142 nacisku<\/figcaption><\/figure>\n<\/figure>\n","protected":false},"excerpt":{"rendered":"<p>Komputerowa diagnostyka st\u00f3p opiera si\u0119 na wykorzystaniu platformy, nazywanej pedobarografem, kt\u00f3ra s\u0142u\u017cy do oceny nacisku st\u00f3p na pod\u0142o\u017ce zar\u00f3wno podczas stania, jak i chodu. Badanie ma wi\u0119c charakter statyczny oraz dynamiczny, umo\u017cliwiaj\u0105c pe\u0142en wgl\u0105d w ewentualne zaburzenia nacisku st\u00f3p u danego pacjenta. Wida\u0107 dok\u0142adnie kt\u00f3ry, element stopy powoduje nadmierne przeci\u0105\u017cenia i dzi\u0119ki temu mo\u017cna w &hellip; <\/p>\n<p class=\"link-more\"><a href=\"http:\/\/www.rehabilix-centrum.pl\/?page_id=628\" class=\"more-link\">Czytaj dalej<span class=\"screen-reader-text\"> \u201eDiagnostyka st\u00f3p przy u\u017cyciu platformy pedobarografu\u201d<\/span><\/a><\/p>\n","protected":false},"author":1,"featured_media":0,"parent":0,"menu_order":0,"comment_status":"closed","ping_status":"closed","template":"","meta":{"footnotes":""},"class_list":["post-628","page","type-page","status-publish","hentry"],"_links":{"self":[{"href":"http:\/\/www.rehabilix-centrum.pl\/index.php?rest_route=\/wp\/v2\/pages\/628","targetHints":{"allow":["GET"]}}],"collection":[{"href":"http:\/\/www.rehabilix-centrum.pl\/index.php?rest_route=\/wp\/v2\/pages"}],"about":[{"href":"http:\/\/www.rehabilix-centrum.pl\/index.php?rest_route=\/wp\/v2\/types\/page"}],"author":[{"embeddable":true,"href":"http:\/\/www.rehabilix-centrum.pl\/index.php?rest_route=\/wp\/v2\/users\/1"}],"replies":[{"embeddable":true,"href":"http:\/\/www.rehabilix-centrum.pl\/index.php?rest_route=%2Fwp%2Fv2%2Fcomments&post=628"}],"version-history":[{"count":6,"href":"http:\/\/www.rehabilix-centrum.pl\/index.php?rest_route=\/wp\/v2\/pages\/628\/revisions"}],"predecessor-version":[{"id":887,"href":"http:\/\/www.rehabilix-centrum.pl\/index.php?rest_route=\/wp\/v2\/pages\/628\/revisions\/887"}],"wp:attachment":[{"href":"http:\/\/www.rehabilix-centrum.pl\/index.php?rest_route=%2Fwp%2Fv2%2Fmedia&parent=628"}],"curies":[{"name":"wp","href":"https:\/\/api.w.org\/{rel}","templated":true}]}}