{"id":682,"date":"2023-02-25T22:21:58","date_gmt":"2023-02-25T21:21:58","guid":{"rendered":"http:\/\/www.rehabilix-centrum.pl\/?page_id=682"},"modified":"2025-11-25T15:08:13","modified_gmt":"2025-11-25T14:08:13","slug":"cennik-gabinety-kontakt","status":"publish","type":"page","link":"http:\/\/www.rehabilix-centrum.pl\/?page_id=682","title":{"rendered":"Cennik"},"content":{"rendered":"\n<div class=\"wp-block-columns is-layout-flex wp-container-core-columns-is-layout-2 wp-block-columns-is-layout-flex\">\n<div class=\"wp-block-column is-layout-flow wp-block-column-is-layout-flow\" style=\"flex-basis:100%\">\n<div class=\"wp-block-columns is-layout-flex wp-container-core-columns-is-layout-1 wp-block-columns-is-layout-flex\">\n<div class=\"wp-block-column is-layout-flow wp-block-column-is-layout-flow\" style=\"flex-basis:100%\">\n<figure class=\"wp-block-table is-style-regular\"><table><thead><tr><th><\/th><td class=\"has-text-align-left\" data-align=\"left\"><strong>Us\u0142uga<\/strong><\/td><td><strong>Cena<\/strong><\/td><th><\/th><\/tr><\/thead><tbody><tr><td>&nbsp;&nbsp;&nbsp;&nbsp;&nbsp;&nbsp;&nbsp;&nbsp;&nbsp;&nbsp;&nbsp;&nbsp;&nbsp;&nbsp;&nbsp;&nbsp;&nbsp;&nbsp;&nbsp;&nbsp;&nbsp;&nbsp;&nbsp;&nbsp;<\/td><td class=\"has-text-align-left\" data-align=\"left\">Badanie komputerowe st\u00f3p na macie (pedobarografie) dla dzieci, os\u00f3b doros\u0142ych, analiza statyczna, dynamiczna, jest to badanie odbitki plus obci\u0105\u017cenia, badanie miednicy, asymetrii, postawy cia\u0142a; plus ewentualnie projektowanie wk\u0142adki indywidualnej korekcyjnej (wyr\u00f3b medyczny), projektowanie, pomoc w doborze obuwia profilaktyczno- korekcyjnego lub NFZ oko\u0142o 60min<\/td><td>230z\u0142<\/td><td>&nbsp;&nbsp;&nbsp;&nbsp;&nbsp;&nbsp;&nbsp;&nbsp;&nbsp;&nbsp;&nbsp;&nbsp;&nbsp;&nbsp;&nbsp;&nbsp;&nbsp;&nbsp;&nbsp;&nbsp;&nbsp;&nbsp;&nbsp;&nbsp;<\/td><\/tr><tr><td><\/td><td class=\"has-text-align-left\" data-align=\"left\">Badanie komputerowe st\u00f3p na macie (pedobarografie) dla Pacjent\u00f3w z cukrzyc\u0105, du\u017c\u0105 deformacj\u0105, po amputacjach, jest to badanie odbitki plus obci\u0105\u017cenia; plus ewentualnie projektowanie wk\u0142adki indywidualnej korekcyjnej (wyr\u00f3b medyczny), projektowanie, pomoc w doborze obuwia profilaktyczno- korekcyjnego lub NFZ oko\u0142o 75min<\/td><td>270z\u0142<\/td><td><\/td><\/tr><tr><td><\/td><td class=\"has-text-align-left\" data-align=\"left\">Badanie dziecka w wieku 4-15 rok \u017cycia w procesie rehabilitacji wad postawy, skolioz (wywiad, analiza dokumentacji medycznej wcze\u015bniejszej, ocena posturalna, analiza statyczna, dynamiczna, testy funkcjonalne, zalecenia, porady do dalszej autokorekty).<\/td><td>200z\u0142<\/td><td><\/td><\/tr><tr><td><\/td><td class=\"has-text-align-left\" data-align=\"left\">Rehabilitacja skolioz, innych zaburze\u0144 wad postawy, z wykorzystaniem metod osteopatycznych, dzieci od 5 roku \u017cycia i osoby doros\u0142e, 45 min.<\/td><td>200z\u0142<\/td><td><\/td><\/tr><tr><td><\/td><td class=\"has-text-align-left\" data-align=\"left\">Konsultacja ortopodologiczna, fizjoterapeutyczna, oko\u0142o 30min<\/td><td>130z\u0142<\/td><td><\/td><\/tr><tr><td><\/td><td class=\"has-text-align-left\" data-align=\"left\">Badanie kontrolne po p\u00f3\u0142 roku, po&nbsp;zaopatrzeniu ortopedycznym we&nbsp;wk\u0142adk\u0119, buty<\/td><td>160z\u0142<\/td><td><\/td><\/tr><tr><td><\/td><td class=\"has-text-align-left\" data-align=\"left\">Terapia manualna zwi\u0105zana z prac\u0105 na kr\u0119gos\u0142upie, szyjnym, piersiowym, czy l\u0119d\u017awiowym rozlu\u017anianie struktur powi\u0119ziowo &#8211; mi\u0119\u015bniowych,  ko\u0144czyn dolnych, z elementami osteopatii, oko\u0142o 45min<\/td><td>160z\u0142<\/td><td><\/td><\/tr><tr><td><\/td><td class=\"has-text-align-left\" data-align=\"left\"><\/td><td><\/td><td><\/td><\/tr><tr><td><\/td><td class=\"has-text-align-left\" data-align=\"left\"><\/td><td><\/td><td><\/td><\/tr><\/tbody><\/table><\/figure>\n<\/div>\n<\/div>\n<\/div>\n<\/div>\n\n\n\n<p><\/p>\n","protected":false},"excerpt":{"rendered":"<p>Us\u0142uga Cena &nbsp;&nbsp;&nbsp;&nbsp;&nbsp;&nbsp;&nbsp;&nbsp;&nbsp;&nbsp;&nbsp;&nbsp;&nbsp;&nbsp;&nbsp;&nbsp;&nbsp;&nbsp;&nbsp;&nbsp;&nbsp;&nbsp;&nbsp;&nbsp; Badanie komputerowe st\u00f3p na macie (pedobarografie) dla dzieci, os\u00f3b doros\u0142ych, analiza statyczna, dynamiczna, jest to badanie odbitki plus obci\u0105\u017cenia, badanie miednicy, asymetrii, postawy cia\u0142a; plus ewentualnie projektowanie wk\u0142adki indywidualnej korekcyjnej (wyr\u00f3b medyczny), projektowanie, pomoc w doborze obuwia profilaktyczno- korekcyjnego lub NFZ oko\u0142o 60min 230z\u0142 &nbsp;&nbsp;&nbsp;&nbsp;&nbsp;&nbsp;&nbsp;&nbsp;&nbsp;&nbsp;&nbsp;&nbsp;&nbsp;&nbsp;&nbsp;&nbsp;&nbsp;&nbsp;&nbsp;&nbsp;&nbsp;&nbsp;&nbsp;&nbsp; Badanie komputerowe st\u00f3p na macie (pedobarografie) dla &hellip; <\/p>\n<p class=\"link-more\"><a href=\"http:\/\/www.rehabilix-centrum.pl\/?page_id=682\" class=\"more-link\">Czytaj dalej<span class=\"screen-reader-text\"> \u201eCennik\u201d<\/span><\/a><\/p>\n","protected":false},"author":1,"featured_media":0,"parent":0,"menu_order":0,"comment_status":"closed","ping_status":"closed","template":"","meta":{"footnotes":""},"class_list":["post-682","page","type-page","status-publish","hentry"],"_links":{"self":[{"href":"http:\/\/www.rehabilix-centrum.pl\/index.php?rest_route=\/wp\/v2\/pages\/682","targetHints":{"allow":["GET"]}}],"collection":[{"href":"http:\/\/www.rehabilix-centrum.pl\/index.php?rest_route=\/wp\/v2\/pages"}],"about":[{"href":"http:\/\/www.rehabilix-centrum.pl\/index.php?rest_route=\/wp\/v2\/types\/page"}],"author":[{"embeddable":true,"href":"http:\/\/www.rehabilix-centrum.pl\/index.php?rest_route=\/wp\/v2\/users\/1"}],"replies":[{"embeddable":true,"href":"http:\/\/www.rehabilix-centrum.pl\/index.php?rest_route=%2Fwp%2Fv2%2Fcomments&post=682"}],"version-history":[{"count":46,"href":"http:\/\/www.rehabilix-centrum.pl\/index.php?rest_route=\/wp\/v2\/pages\/682\/revisions"}],"predecessor-version":[{"id":963,"href":"http:\/\/www.rehabilix-centrum.pl\/index.php?rest_route=\/wp\/v2\/pages\/682\/revisions\/963"}],"wp:attachment":[{"href":"http:\/\/www.rehabilix-centrum.pl\/index.php?rest_route=%2Fwp%2Fv2%2Fmedia&parent=682"}],"curies":[{"name":"wp","href":"https:\/\/api.w.org\/{rel}","templated":true}]}}