{"id":852,"date":"2023-03-07T11:55:24","date_gmt":"2023-03-07T10:55:24","guid":{"rendered":"http:\/\/www.rehabilix-centrum.pl\/?page_id=852"},"modified":"2026-01-27T11:42:47","modified_gmt":"2026-01-27T10:42:47","slug":"gabinety-rejestracja-on-line","status":"publish","type":"page","link":"http:\/\/www.rehabilix-centrum.pl\/?page_id=852","title":{"rendered":"Rejestracja on-line"},"content":{"rendered":"<p><strong>Badania wykonujemy (po uprzedniej rejestracji telefonicznej) w poni\u017cszych lokalizacjach:<\/strong><\/p>\n<ul>\n<li>Rehabilix Centrum Tomasz Kowalik (gabinet Pozna\u0144, ul. Gnie\u017anie\u0144ska 69)<\/li>\n<li>Gabinet Ortogenic (Wroc\u0142aw).<\/li>\n<li>Rehaintegro Gabinet Osteopatii i Fizjoterapii(Pozna\u0144).<\/li>\n<li>Fizjo-Med-Sport Marcin Lubik (Lubo\u0144).<\/li>\n<li>Akademia Rozwoju Coolturka (Tulce).<\/li>\n<li>Gabinet Ortopedyczny (Chyby ko\u0142o Baranowa).<\/li>\n<\/ul>\n<p><strong>lub rejestracja on-line<\/strong> <strong>przez portal www.znajdzgabinet.pl<\/strong><\/p>\n<p><a href=\"https:\/\/zarejestrowani.pl\/w\/U5TdsVZM9WgRObOOyivmpw\/\">https:\/\/zarejestrowani.pl\/w\/U5TdsVZM9WgRObOOyivmpw\/<\/a><\/p>\n\n\n<p><\/p>\n\n\n\n<p><\/p>\n\n\n\n<p><\/p>\n","protected":false},"excerpt":{"rendered":"<p>Badania wykonujemy (po uprzedniej rejestracji telefonicznej) w poni\u017cszych lokalizacjach: Rehabilix Centrum Tomasz Kowalik (gabinet Pozna\u0144, ul. Gnie\u017anie\u0144ska 69) Gabinet Ortogenic (Wroc\u0142aw). Rehaintegro Gabinet Osteopatii i Fizjoterapii(Pozna\u0144). Fizjo-Med-Sport Marcin Lubik (Lubo\u0144). Akademia Rozwoju Coolturka (Tulce). Gabinet Ortopedyczny (Chyby ko\u0142o Baranowa). lub rejestracja on-line przez portal www.znajdzgabinet.pl https:\/\/zarejestrowani.pl\/w\/U5TdsVZM9WgRObOOyivmpw\/<\/p>\n","protected":false},"author":1,"featured_media":0,"parent":0,"menu_order":0,"comment_status":"closed","ping_status":"closed","template":"","meta":{"footnotes":""},"class_list":["post-852","page","type-page","status-publish","hentry"],"_links":{"self":[{"href":"http:\/\/www.rehabilix-centrum.pl\/index.php?rest_route=\/wp\/v2\/pages\/852","targetHints":{"allow":["GET"]}}],"collection":[{"href":"http:\/\/www.rehabilix-centrum.pl\/index.php?rest_route=\/wp\/v2\/pages"}],"about":[{"href":"http:\/\/www.rehabilix-centrum.pl\/index.php?rest_route=\/wp\/v2\/types\/page"}],"author":[{"embeddable":true,"href":"http:\/\/www.rehabilix-centrum.pl\/index.php?rest_route=\/wp\/v2\/users\/1"}],"replies":[{"embeddable":true,"href":"http:\/\/www.rehabilix-centrum.pl\/index.php?rest_route=%2Fwp%2Fv2%2Fcomments&post=852"}],"version-history":[{"count":7,"href":"http:\/\/www.rehabilix-centrum.pl\/index.php?rest_route=\/wp\/v2\/pages\/852\/revisions"}],"predecessor-version":[{"id":966,"href":"http:\/\/www.rehabilix-centrum.pl\/index.php?rest_route=\/wp\/v2\/pages\/852\/revisions\/966"}],"wp:attachment":[{"href":"http:\/\/www.rehabilix-centrum.pl\/index.php?rest_route=%2Fwp%2Fv2%2Fmedia&parent=852"}],"curies":[{"name":"wp","href":"https:\/\/api.w.org\/{rel}","templated":true}]}}