{"id":907,"date":"2023-03-13T18:03:48","date_gmt":"2023-03-13T17:03:48","guid":{"rendered":"http:\/\/www.rehabilix-centrum.pl\/?page_id=907"},"modified":"2023-03-13T18:04:53","modified_gmt":"2023-03-13T17:04:53","slug":"sport","status":"publish","type":"page","link":"http:\/\/www.rehabilix-centrum.pl\/?page_id=907","title":{"rendered":"Sport"},"content":{"rendered":"\n<p>Zbli\u017ca si\u0119 okres letni w kt\u00f3rym to coraz wi\u0119cej os\u00f3b zwi\u0119kszy swoj\u0105 aktywno\u015b\u0107. Wychodz\u0105c na przeciw oczekiwaniom sportowc\u00f3w tak amator\u00f3w jak i profesjonalist\u00f3w poszerzamy ofert\u0119 o zaprojektowanie indywidualnej wk\u0142adki sportowej, kt\u00f3ra jest wykonana metod\u0105 termoplastyczn\u0105 bezpo\u015brednio z wycisku stopy. Nie zawsze, a nawet w ostatnim czasie coraz wi\u0119cej topowych marek obuwia nie projektuje but\u00f3w sportowych w celu poprawienia komfortu i zabezpieczenia st\u00f3p przed urazami stawiaj\u0105c tylko na lekko\u015b\u0107 i design.<\/p>\n\n\n\n<figure class=\"wp-block-image size-large is-resized\"><a href=\"http:\/\/www.rehabilix-centrum.pl\/www\/wp-content\/uploads\/2023\/02\/alfa-sport.jpg\"><img loading=\"lazy\" decoding=\"async\" src=\"http:\/\/www.rehabilix-centrum.pl\/www\/wp-content\/uploads\/2023\/02\/alfa-sport-1024x772.jpg\" alt=\"\" class=\"wp-image-641\" width=\"558\" height=\"421\" srcset=\"http:\/\/www.rehabilix-centrum.pl\/www\/wp-content\/uploads\/2023\/02\/alfa-sport-1024x772.jpg 1024w, http:\/\/www.rehabilix-centrum.pl\/www\/wp-content\/uploads\/2023\/02\/alfa-sport-300x226.jpg 300w, http:\/\/www.rehabilix-centrum.pl\/www\/wp-content\/uploads\/2023\/02\/alfa-sport-768x579.jpg 768w, http:\/\/www.rehabilix-centrum.pl\/www\/wp-content\/uploads\/2023\/02\/alfa-sport-1536x1158.jpg 1536w, http:\/\/www.rehabilix-centrum.pl\/www\/wp-content\/uploads\/2023\/02\/alfa-sport-946x713.jpg 946w, http:\/\/www.rehabilix-centrum.pl\/www\/wp-content\/uploads\/2023\/02\/alfa-sport.jpg 2000w\" sizes=\"auto, (max-width: 558px) 100vw, 558px\" \/><\/a><\/figure>\n\n\n\n<p>Wk\u0142adki alfa sport maj\u0105 na celu amortyzacj\u0119 odpowiednich&nbsp;obszar\u00f3w Twoich st\u00f3p oraz zapewnienie bezpiecze\u0144stwa poprzez stabilizacj\u0119 pi\u0119ty podczas trening\u00f3w. Oczywi\u015bcie ka\u017cda wk\u0142adka mo\u017ce posiada\u0107 elementy korekcji wad (p\u0142askostopia, ko\u015blawo\u015bci, szpotawo\u015bci, wad rotacyjnych palc\u00f3w, morton), czy te\u017c podparcia dynamicznego \u0142uk\u00f3w co wzmacnia dynamik\u0119 przetaczania i popraw\u0119 funkcji st\u00f3p . Nasz wsp\u00f3lny cel \u2013 zminimalizowanie ryzyka kontuzji, a nawet popraw\u0119 Twoich wynik\u00f3w sportowych! <\/p>\n\n\n\n<p>W ofercie wk\u0142adki sportowe zindywiuzalizowane do okre\u015blonego rodzaju ruchu:<\/p>\n\n\n\n<ul class=\"wp-block-list\">\n<li>alfasport jump &#8211; pi\u0142ka no\u017cna\/r\u0119czna, jazda na nartach; elementy d\u0142ugiej stabilizacji pi\u0119ty, amortyzacji pi\u0119ty<\/li>\n\n\n\n<li>alfasport run &#8211; bieganie, chodzenie, jogging; elementy stabilizacji st\u0119pu, amortyzacji pi\u0119ty, elementy dynamiki stopy<\/li>\n\n\n\n<li>alfasport ride &#8211; jazda na rowerze, jazada konna; elementy odci\u0105\u017cenie przodostopia, stabilizacja \u015br\u00f3dstopia, stabiliazcja pi\u0119ty<\/li>\n\n\n\n<li>alfasport tennis &#8211; tenis ziemny, golf; potrzeba wybicia z palucha; elementy dynamiki stopy, amortyzacja pi\u0119ty i stabilizacja pi\u0119ty. <\/li>\n<\/ul>\n\n\n\n<p>Wi\u0119cej informacji , wk\u0142adki pokazowe i katalog, ceny dost\u0119pne na wizycie. Zapraszamy.<\/p>\n","protected":false},"excerpt":{"rendered":"<p>Zbli\u017ca si\u0119 okres letni w kt\u00f3rym to coraz wi\u0119cej os\u00f3b zwi\u0119kszy swoj\u0105 aktywno\u015b\u0107. Wychodz\u0105c na przeciw oczekiwaniom sportowc\u00f3w tak amator\u00f3w jak i profesjonalist\u00f3w poszerzamy ofert\u0119 o zaprojektowanie indywidualnej wk\u0142adki sportowej, kt\u00f3ra jest wykonana metod\u0105 termoplastyczn\u0105 bezpo\u015brednio z wycisku stopy. Nie zawsze, a nawet w ostatnim czasie coraz wi\u0119cej topowych marek obuwia nie projektuje but\u00f3w sportowych &hellip; <\/p>\n<p class=\"link-more\"><a href=\"http:\/\/www.rehabilix-centrum.pl\/?page_id=907\" class=\"more-link\">Czytaj dalej<span class=\"screen-reader-text\"> \u201eSport\u201d<\/span><\/a><\/p>\n","protected":false},"author":1,"featured_media":0,"parent":0,"menu_order":0,"comment_status":"closed","ping_status":"closed","template":"","meta":{"footnotes":""},"class_list":["post-907","page","type-page","status-publish","hentry"],"_links":{"self":[{"href":"http:\/\/www.rehabilix-centrum.pl\/index.php?rest_route=\/wp\/v2\/pages\/907","targetHints":{"allow":["GET"]}}],"collection":[{"href":"http:\/\/www.rehabilix-centrum.pl\/index.php?rest_route=\/wp\/v2\/pages"}],"about":[{"href":"http:\/\/www.rehabilix-centrum.pl\/index.php?rest_route=\/wp\/v2\/types\/page"}],"author":[{"embeddable":true,"href":"http:\/\/www.rehabilix-centrum.pl\/index.php?rest_route=\/wp\/v2\/users\/1"}],"replies":[{"embeddable":true,"href":"http:\/\/www.rehabilix-centrum.pl\/index.php?rest_route=%2Fwp%2Fv2%2Fcomments&post=907"}],"version-history":[{"count":4,"href":"http:\/\/www.rehabilix-centrum.pl\/index.php?rest_route=\/wp\/v2\/pages\/907\/revisions"}],"predecessor-version":[{"id":912,"href":"http:\/\/www.rehabilix-centrum.pl\/index.php?rest_route=\/wp\/v2\/pages\/907\/revisions\/912"}],"wp:attachment":[{"href":"http:\/\/www.rehabilix-centrum.pl\/index.php?rest_route=%2Fwp%2Fv2%2Fmedia&parent=907"}],"curies":[{"name":"wp","href":"https:\/\/api.w.org\/{rel}","templated":true}]}}