{"id":621,"date":"2023-02-25T18:06:28","date_gmt":"2023-02-25T17:06:28","guid":{"rendered":"http:\/\/www.rehabilix-centrum.pl\/?page_id=621"},"modified":"2023-03-04T20:58:35","modified_gmt":"2023-03-04T19:58:35","slug":"ortopodologia","status":"publish","type":"page","link":"https:\/\/www.rehabilix-centrum.pl\/?page_id=621","title":{"rendered":"Ortopodologia"},"content":{"rendered":"\n<p>Jest to dziedzina zajmuj\u0105ca si\u0119 zapobieganiu schorzeniom st\u00f3p oraz leczeniu lub \u0142agodzeniu istniej\u0105cych ju\u017c schorze\u0144 st\u00f3p, w tym g\u0142\u00f3wnie p\u0142askostopia, deformacji st\u00f3p i zaburze\u0144 poruszania si\u0119. Diagnozowanie patologii wyst\u0119puj\u0105cych w obr\u0119bie st\u00f3p staje si\u0119 coraz cz\u0119stsz\u0105 procedur\u0105. W zwi\u0105zku z tym pojawiaj\u0105 si\u0119 coraz nowsze metody przeprowadzania bada\u0144 diagnostycznych, jak r\u00f3wnie\u017c projektowania terapii dotycz\u0105cej dolegliwo\u015bci w obr\u0119bie st\u00f3p.<\/p>\n\n\n\n<div class=\"wp-block-media-text alignwide is-stacked-on-mobile\" style=\"grid-template-columns:70% auto\"><figure class=\"wp-block-media-text__media\"><img decoding=\"async\" src=\"http:\/\/www.rehabilix-centrum.pl\/www\/wp-content\/uploads\/2023\/03\/wkladka-chod-1.jpg\" alt=\"\" class=\"wp-image-820 size-full\"\/><\/figure><div class=\"wp-block-media-text__content\">\n<p><\/p>\n<\/div><\/div>\n","protected":false},"excerpt":{"rendered":"<p>Jest to dziedzina zajmuj\u0105ca si\u0119 zapobieganiu schorzeniom st\u00f3p oraz leczeniu lub \u0142agodzeniu istniej\u0105cych ju\u017c schorze\u0144 st\u00f3p, w tym g\u0142\u00f3wnie p\u0142askostopia, deformacji st\u00f3p i zaburze\u0144 poruszania si\u0119. Diagnozowanie patologii wyst\u0119puj\u0105cych w obr\u0119bie st\u00f3p staje si\u0119 coraz cz\u0119stsz\u0105 procedur\u0105. W zwi\u0105zku z tym pojawiaj\u0105 si\u0119 coraz nowsze metody przeprowadzania bada\u0144 diagnostycznych, jak r\u00f3wnie\u017c projektowania terapii dotycz\u0105cej dolegliwo\u015bci &hellip; <\/p>\n<p class=\"link-more\"><a href=\"https:\/\/www.rehabilix-centrum.pl\/?page_id=621\" class=\"more-link\">Czytaj dalej<span class=\"screen-reader-text\"> \u201eOrtopodologia\u201d<\/span><\/a><\/p>\n","protected":false},"author":1,"featured_media":0,"parent":0,"menu_order":0,"comment_status":"closed","ping_status":"closed","template":"","meta":{"footnotes":""},"class_list":["post-621","page","type-page","status-publish","hentry"],"_links":{"self":[{"href":"https:\/\/www.rehabilix-centrum.pl\/index.php?rest_route=\/wp\/v2\/pages\/621","targetHints":{"allow":["GET"]}}],"collection":[{"href":"https:\/\/www.rehabilix-centrum.pl\/index.php?rest_route=\/wp\/v2\/pages"}],"about":[{"href":"https:\/\/www.rehabilix-centrum.pl\/index.php?rest_route=\/wp\/v2\/types\/page"}],"author":[{"embeddable":true,"href":"https:\/\/www.rehabilix-centrum.pl\/index.php?rest_route=\/wp\/v2\/users\/1"}],"replies":[{"embeddable":true,"href":"https:\/\/www.rehabilix-centrum.pl\/index.php?rest_route=%2Fwp%2Fv2%2Fcomments&post=621"}],"version-history":[{"count":3,"href":"https:\/\/www.rehabilix-centrum.pl\/index.php?rest_route=\/wp\/v2\/pages\/621\/revisions"}],"predecessor-version":[{"id":821,"href":"https:\/\/www.rehabilix-centrum.pl\/index.php?rest_route=\/wp\/v2\/pages\/621\/revisions\/821"}],"wp:attachment":[{"href":"https:\/\/www.rehabilix-centrum.pl\/index.php?rest_route=%2Fwp%2Fv2%2Fmedia&parent=621"}],"curies":[{"name":"wp","href":"https:\/\/api.w.org\/{rel}","templated":true}]}}